{"id":4862,"date":"2021-04-07T11:32:40","date_gmt":"2021-04-07T09:32:40","guid":{"rendered":"https:\/\/www.hb-ts.de\/familie-sailer\/"},"modified":"2021-05-20T11:59:33","modified_gmt":"2021-05-20T09:59:33","slug":"la-famiglia-sailer","status":"publish","type":"page","link":"https:\/\/www.hb-ts.de\/it\/la-nostra-storia\/la-famiglia-sailer\/","title":{"rendered":"La famiglia Sailer"},"content":{"rendered":"<p>Non \u00e8 necessario leggere la nostra storia per scoprire che l&#8217;Hofbr\u00e4uhaus Traunstein \u00e8 un&#8217;azienda a conduzione familiare da oltre 125 anni. Lo avvertirete non appena varcherete la soglia.<\/p>\n<p>La storia dei Sailer inizia nella met\u00e0 del XVII secolo a Unterth\u00fcrheim, nella Svevia bavarese, con il locandiere Georg Sailer. Molte generazioni di birrai, mastri birrai e locandieri, in seguito, avrebbero seguito le sue orme.<\/p>\n","protected":false},"excerpt":{"rendered":"<p>Non \u00e8 necessario leggere la nostra storia per scoprire che l&#8217;Hofbr\u00e4uhaus Traunstein \u00e8 un&#8217;azienda a conduzione familiare da oltre 125 anni. Lo avvertirete non appena varcherete la soglia. La storia dei Sailer inizia nella met\u00e0 del XVII secolo a Unterth\u00fcrheim, nella Svevia bavarese, con il locandiere Georg Sailer. Molte generazioni di birrai, mastri birrai e [&hellip;]<\/p>\n","protected":false},"author":1,"featured_media":4790,"parent":4913,"menu_order":0,"comment_status":"closed","ping_status":"closed","template":"","meta":{"_acf_changed":false,"footnotes":""},"class_list":["post-4862","page","type-page","status-publish","has-post-thumbnail","hentry"],"acf":[],"_links":{"self":[{"href":"https:\/\/www.hb-ts.de\/it\/wp-json\/wp\/v2\/pages\/4862","targetHints":{"allow":["GET"]}}],"collection":[{"href":"https:\/\/www.hb-ts.de\/it\/wp-json\/wp\/v2\/pages"}],"about":[{"href":"https:\/\/www.hb-ts.de\/it\/wp-json\/wp\/v2\/types\/page"}],"author":[{"embeddable":true,"href":"https:\/\/www.hb-ts.de\/it\/wp-json\/wp\/v2\/users\/1"}],"replies":[{"embeddable":true,"href":"https:\/\/www.hb-ts.de\/it\/wp-json\/wp\/v2\/comments?post=4862"}],"version-history":[{"count":2,"href":"https:\/\/www.hb-ts.de\/it\/wp-json\/wp\/v2\/pages\/4862\/revisions"}],"predecessor-version":[{"id":5144,"href":"https:\/\/www.hb-ts.de\/it\/wp-json\/wp\/v2\/pages\/4862\/revisions\/5144"}],"up":[{"embeddable":true,"href":"https:\/\/www.hb-ts.de\/it\/wp-json\/wp\/v2\/pages\/4913"}],"wp:featuredmedia":[{"embeddable":true,"href":"https:\/\/www.hb-ts.de\/it\/wp-json\/wp\/v2\/media\/4790"}],"wp:attachment":[{"href":"https:\/\/www.hb-ts.de\/it\/wp-json\/wp\/v2\/media?parent=4862"}],"curies":[{"name":"wp","href":"https:\/\/api.w.org\/{rel}","templated":true}]}}