{"id":4874,"date":"2021-04-07T10:56:01","date_gmt":"2021-04-07T08:56:01","guid":{"rendered":"https:\/\/www.hb-ts.de\/den-genuss-feiern\/"},"modified":"2021-05-19T16:28:10","modified_gmt":"2021-05-19T14:28:10","slug":"den-genuss-feiern","status":"publish","type":"page","link":"https:\/\/www.hb-ts.de\/it\/la-nostra-casa\/den-genuss-feiern\/","title":{"rendered":"Festeggiare e divertirsi"},"content":{"rendered":"<p>Chi entra in un pub bavarese non si preoccupa tanto della fame o della sete. Desidera piuttosto integrarsi e creare un legame con le altre persone \u2013 con i suoi simili e con se stesso.<\/p>\n<p>Spesso non servono parole per fare tutto questo. Alcune persone si siedono da sole, guardano quello che succede intorno a loro e diventano subito felici. Il pub bavarese \u00e8 pi\u00f9 di un semplice posto in cui mangiare. <strong>\u00c8 uno scambio di notizie, un forum di discussione, un muro del pianto.<\/strong> Al suo interno si ritrovano tutti: vecchi e giovani, ricchi e poveri, rumorosi e silenziosi. Parlerete con i vostri vicini di tavolo come fareste con dei vecchi amici, perch\u00e9 vi sembrer\u00e0 di esservi gi\u00e0 incontrati da qualche parte. <strong>Potrete godervi tutte le delizie che la cucina e la cantina avranno da offrirvi.<\/strong> E festeggerete, a volte per un motivo e a volte senza alcun motivo, semplicemente perch\u00e9 vi trovate l\u00ec in quel momento. Perch\u00e9 spesso \u00e8 solo di questo che le persone hanno bisogno.<\/p>\n","protected":false},"excerpt":{"rendered":"<p>Chi entra in un pub bavarese non si preoccupa tanto della fame o della sete. Desidera piuttosto integrarsi e creare un legame con le altre persone \u2013 con i suoi simili e con se stesso. Spesso non servono parole per fare tutto questo. Alcune persone si siedono da sole, guardano quello che succede intorno a [&hellip;]<\/p>\n","protected":false},"author":1,"featured_media":3566,"parent":4896,"menu_order":0,"comment_status":"closed","ping_status":"closed","template":"page-listing.php","meta":{"_acf_changed":false,"footnotes":""},"class_list":["post-4874","page","type-page","status-publish","has-post-thumbnail","hentry"],"acf":[],"_links":{"self":[{"href":"https:\/\/www.hb-ts.de\/it\/wp-json\/wp\/v2\/pages\/4874","targetHints":{"allow":["GET"]}}],"collection":[{"href":"https:\/\/www.hb-ts.de\/it\/wp-json\/wp\/v2\/pages"}],"about":[{"href":"https:\/\/www.hb-ts.de\/it\/wp-json\/wp\/v2\/types\/page"}],"author":[{"embeddable":true,"href":"https:\/\/www.hb-ts.de\/it\/wp-json\/wp\/v2\/users\/1"}],"replies":[{"embeddable":true,"href":"https:\/\/www.hb-ts.de\/it\/wp-json\/wp\/v2\/comments?post=4874"}],"version-history":[{"count":2,"href":"https:\/\/www.hb-ts.de\/it\/wp-json\/wp\/v2\/pages\/4874\/revisions"}],"predecessor-version":[{"id":5122,"href":"https:\/\/www.hb-ts.de\/it\/wp-json\/wp\/v2\/pages\/4874\/revisions\/5122"}],"up":[{"embeddable":true,"href":"https:\/\/www.hb-ts.de\/it\/wp-json\/wp\/v2\/pages\/4896"}],"wp:featuredmedia":[{"embeddable":true,"href":"https:\/\/www.hb-ts.de\/it\/wp-json\/wp\/v2\/media\/3566"}],"wp:attachment":[{"href":"https:\/\/www.hb-ts.de\/it\/wp-json\/wp\/v2\/media?parent=4874"}],"curies":[{"name":"wp","href":"https:\/\/api.w.org\/{rel}","templated":true}]}}