{"id":4877,"date":"2021-04-07T10:54:46","date_gmt":"2021-04-07T08:54:46","guid":{"rendered":"https:\/\/www.hb-ts.de\/in-freier-natur\/"},"modified":"2021-05-20T11:49:22","modified_gmt":"2021-05-20T09:49:22","slug":"natura-e-liberta","status":"publish","type":"page","link":"https:\/\/www.hb-ts.de\/it\/la-nostra-casa\/natura-e-liberta\/","title":{"rendered":"Natura e libert\u00e0"},"content":{"rendered":"<p>Il cantautore Konstantin Wecker una volta disse: &#8220;Quando vedo un lago di montagna, non ho pi\u00f9 bisogno del mare&#8221;. Ecco a cosa alludeva: al senso di libert\u00e0.<\/p>\n<p>Secondo la nostra percezione, il Chiemsee \u00e8 in realt\u00e0 il <strong>Mare della Baviera<\/strong>. Beh, potremmo essere un po &#8216;di parte. Dopotutto, quasi tutti hanno un legame molto speciale con la loro terra di origine. Se vi fermate ad osservare <strong>le nostre imponenti montagne o i nostri tranquilli laghi<\/strong>, avrete l\u2019impressione che qualcosa si muova nel vostro profondo o che qualcosa si fermi improvvisamente, a seconda delle circostanze. Tutto questo non \u00e8 soltanto frutto della nostra immaginazione: \u00e8 scientificamente provato che gli elementi naturali imponenti esercitino una certa attrazione sui corpi che li circondano. Lo stesso fenomeno che intercorre tra le Terra e la Luna: anche le montagne sanno fare i loro incantesimi.<\/p>\n","protected":false},"excerpt":{"rendered":"<p>Il cantautore Konstantin Wecker una volta disse: &#8220;Quando vedo un lago di montagna, non ho pi\u00f9 bisogno del mare&#8221;. Ecco a cosa alludeva: al senso di libert\u00e0. Secondo la nostra percezione, il Chiemsee \u00e8 in realt\u00e0 il Mare della Baviera. Beh, potremmo essere un po &#8216;di parte. Dopotutto, quasi tutti hanno un legame molto speciale [&hellip;]<\/p>\n","protected":false},"author":1,"featured_media":3782,"parent":4896,"menu_order":0,"comment_status":"closed","ping_status":"closed","template":"page-listing.php","meta":{"_acf_changed":false,"footnotes":""},"class_list":["post-4877","page","type-page","status-publish","has-post-thumbnail","hentry"],"acf":[],"_links":{"self":[{"href":"https:\/\/www.hb-ts.de\/it\/wp-json\/wp\/v2\/pages\/4877","targetHints":{"allow":["GET"]}}],"collection":[{"href":"https:\/\/www.hb-ts.de\/it\/wp-json\/wp\/v2\/pages"}],"about":[{"href":"https:\/\/www.hb-ts.de\/it\/wp-json\/wp\/v2\/types\/page"}],"author":[{"embeddable":true,"href":"https:\/\/www.hb-ts.de\/it\/wp-json\/wp\/v2\/users\/1"}],"replies":[{"embeddable":true,"href":"https:\/\/www.hb-ts.de\/it\/wp-json\/wp\/v2\/comments?post=4877"}],"version-history":[{"count":1,"href":"https:\/\/www.hb-ts.de\/it\/wp-json\/wp\/v2\/pages\/4877\/revisions"}],"predecessor-version":[{"id":5120,"href":"https:\/\/www.hb-ts.de\/it\/wp-json\/wp\/v2\/pages\/4877\/revisions\/5120"}],"up":[{"embeddable":true,"href":"https:\/\/www.hb-ts.de\/it\/wp-json\/wp\/v2\/pages\/4896"}],"wp:featuredmedia":[{"embeddable":true,"href":"https:\/\/www.hb-ts.de\/it\/wp-json\/wp\/v2\/media\/3782"}],"wp:attachment":[{"href":"https:\/\/www.hb-ts.de\/it\/wp-json\/wp\/v2\/media?parent=4877"}],"curies":[{"name":"wp","href":"https:\/\/api.w.org\/{rel}","templated":true}]}}