{"id":4879,"date":"2021-04-07T10:43:38","date_gmt":"2021-04-07T08:43:38","guid":{"rendered":"https:\/\/www.hb-ts.de\/kultur-und-vielfalt\/"},"modified":"2021-05-20T11:48:44","modified_gmt":"2021-05-20T09:48:44","slug":"cultura-e-diversita","status":"publish","type":"page","link":"https:\/\/www.hb-ts.de\/it\/la-nostra-casa\/cultura-e-diversita\/","title":{"rendered":"Cultura e diversit\u00e0"},"content":{"rendered":"<p>La prima visita di un ospite al Chiemgau e al Traunstein \u00e8 molto suggestiva. Ma solo la seconda e la terza visita consentono di captare molto di pi\u00f9. <\/p>\n<p>Sono soprattutto coloro che vengono a farci visita per la prima volta a rimanere estasiati dalla natura che ci circonda, dai nostri laghi e dalle nostre montagne. Ma quando ritornano, si rendono conto che c\u2019\u00e8 molto di pi\u00f9 da scoprire. Un vivace <strong>paesaggio culturale e musicale<\/strong>, costellato ad esempio di artisti visivi, band innovative o musica classica al Chiemgau Spring Music Festival. Tutto questo, per noi, rappresenta un prezioso pezzo storia, che desideriamo promuovere e sostenere.  Stefan Dettl, front man della <strong>band LaBrassBanda di Chiemgau<\/strong>, una volta ci ha descritto cos\u00ec: \u201cLa nostra regione d&#8217;origine ha una cos\u00ec ricca diversit\u00e0 culturale. Il team dell&#8217;Hofbr\u00e4uhaus Traunstein ama, vive e sostiene questa cultura, che ci connette gli uni con gli altri&#8221;.<\/p>\n","protected":false},"excerpt":{"rendered":"<p>La prima visita di un ospite al Chiemgau e al Traunstein \u00e8 molto suggestiva. Ma solo la seconda e la terza visita consentono di captare molto di pi\u00f9. Sono soprattutto coloro che vengono a farci visita per la prima volta a rimanere estasiati dalla natura che ci circonda, dai nostri laghi e dalle nostre montagne. [&hellip;]<\/p>\n","protected":false},"author":1,"featured_media":3780,"parent":4896,"menu_order":0,"comment_status":"closed","ping_status":"closed","template":"page-listing.php","meta":{"_acf_changed":false,"footnotes":""},"class_list":["post-4879","page","type-page","status-publish","has-post-thumbnail","hentry"],"acf":[],"_links":{"self":[{"href":"https:\/\/www.hb-ts.de\/it\/wp-json\/wp\/v2\/pages\/4879","targetHints":{"allow":["GET"]}}],"collection":[{"href":"https:\/\/www.hb-ts.de\/it\/wp-json\/wp\/v2\/pages"}],"about":[{"href":"https:\/\/www.hb-ts.de\/it\/wp-json\/wp\/v2\/types\/page"}],"author":[{"embeddable":true,"href":"https:\/\/www.hb-ts.de\/it\/wp-json\/wp\/v2\/users\/1"}],"replies":[{"embeddable":true,"href":"https:\/\/www.hb-ts.de\/it\/wp-json\/wp\/v2\/comments?post=4879"}],"version-history":[{"count":2,"href":"https:\/\/www.hb-ts.de\/it\/wp-json\/wp\/v2\/pages\/4879\/revisions"}],"predecessor-version":[{"id":5119,"href":"https:\/\/www.hb-ts.de\/it\/wp-json\/wp\/v2\/pages\/4879\/revisions\/5119"}],"up":[{"embeddable":true,"href":"https:\/\/www.hb-ts.de\/it\/wp-json\/wp\/v2\/pages\/4896"}],"wp:featuredmedia":[{"embeddable":true,"href":"https:\/\/www.hb-ts.de\/it\/wp-json\/wp\/v2\/media\/3780"}],"wp:attachment":[{"href":"https:\/\/www.hb-ts.de\/it\/wp-json\/wp\/v2\/media?parent=4879"}],"curies":[{"name":"wp","href":"https:\/\/api.w.org\/{rel}","templated":true}]}}