{"id":4881,"date":"2021-04-07T10:41:17","date_gmt":"2021-04-07T08:41:17","guid":{"rendered":"https:\/\/www.hb-ts.de\/das-stammhaus\/"},"modified":"2021-06-04T09:35:45","modified_gmt":"2021-06-04T07:35:45","slug":"la-nostra-sede-principale","status":"publish","type":"page","link":"https:\/\/www.hb-ts.de\/it\/la-nostra-casa\/la-nostra-sede-principale\/","title":{"rendered":"La nostra sede principale"},"content":{"rendered":"<p>La parola tedesca \u201eHeimat\u201c \u00e8 un termine che, in molte lingue, non pu\u00f2 essere tradotto, al contrario di \u201ecasa\u201c, che esiste quasi ovunque.<br \/>\nNaturalmente abbiamo una casa dove viviamo e lavoriamo, mangiamo e beviamo, parliamo, tacciamo e festeggiamo: La nostra sede principale nel cuore di Traunstein. Ma \u201eHeimat\u201c \u00e8 molto pi\u00f9 che questo. \u00c8 la citt\u00e0 dove siamo nati. Gli uomini con chi siamo cresciuti. La nostra lingua che si sente soltanto qui. La natura meravigliosa che circonda noi. Tutti gli usi cari e le tradizione fiere che sono diventate una parte di noi. Per noi \u201eHeimat\u201c \u00e8 soprattuto un sentimento ch\u2019\u00e8 sempre qui, anche se noi siamo altrove. Quindi sentiamo quanto \u201eHeimat\u201c ci manca e quanto vogliamo ritornare l\u00e0.<\/p>\n","protected":false},"excerpt":{"rendered":"<p>La parola tedesca \u201eHeimat\u201c \u00e8 un termine che, in molte lingue, non pu\u00f2 essere tradotto, al contrario di \u201ecasa\u201c, che esiste quasi ovunque. Naturalmente abbiamo una casa dove viviamo e lavoriamo, mangiamo e beviamo, parliamo, tacciamo e festeggiamo: La nostra sede principale nel cuore di Traunstein. Ma \u201eHeimat\u201c \u00e8 molto pi\u00f9 che questo. \u00c8 la [&hellip;]<\/p>\n","protected":false},"author":1,"featured_media":3778,"parent":4896,"menu_order":0,"comment_status":"closed","ping_status":"closed","template":"page-listing.php","meta":{"_acf_changed":false,"footnotes":""},"class_list":["post-4881","page","type-page","status-publish","has-post-thumbnail","hentry"],"acf":[],"_links":{"self":[{"href":"https:\/\/www.hb-ts.de\/it\/wp-json\/wp\/v2\/pages\/4881","targetHints":{"allow":["GET"]}}],"collection":[{"href":"https:\/\/www.hb-ts.de\/it\/wp-json\/wp\/v2\/pages"}],"about":[{"href":"https:\/\/www.hb-ts.de\/it\/wp-json\/wp\/v2\/types\/page"}],"author":[{"embeddable":true,"href":"https:\/\/www.hb-ts.de\/it\/wp-json\/wp\/v2\/users\/1"}],"replies":[{"embeddable":true,"href":"https:\/\/www.hb-ts.de\/it\/wp-json\/wp\/v2\/comments?post=4881"}],"version-history":[{"count":4,"href":"https:\/\/www.hb-ts.de\/it\/wp-json\/wp\/v2\/pages\/4881\/revisions"}],"predecessor-version":[{"id":8460,"href":"https:\/\/www.hb-ts.de\/it\/wp-json\/wp\/v2\/pages\/4881\/revisions\/8460"}],"up":[{"embeddable":true,"href":"https:\/\/www.hb-ts.de\/it\/wp-json\/wp\/v2\/pages\/4896"}],"wp:featuredmedia":[{"embeddable":true,"href":"https:\/\/www.hb-ts.de\/it\/wp-json\/wp\/v2\/media\/3778"}],"wp:attachment":[{"href":"https:\/\/www.hb-ts.de\/it\/wp-json\/wp\/v2\/media?parent=4881"}],"curies":[{"name":"wp","href":"https:\/\/api.w.org\/{rel}","templated":true}]}}