{"id":4889,"date":"2021-04-07T09:50:43","date_gmt":"2021-04-07T07:50:43","guid":{"rendered":"https:\/\/www.hb-ts.de\/starke-wurzeln\/"},"modified":"2021-05-20T11:38:38","modified_gmt":"2021-05-20T09:38:38","slug":"la-famiglia-sailer","status":"publish","type":"page","link":"https:\/\/www.hb-ts.de\/it\/chi-siamo\/la-famiglia-sailer\/","title":{"rendered":"La famiglia Sailer"},"content":{"rendered":"<p>Salve, noi siamo i Sailer. Produciamo birra per vocazione, siamo ristoratori per passione e abitanti di Traunstein per convinzione.<\/p>\n<p>La storia della famiglia Sailer inizia nel <strong>17\u00b0 secolo<\/strong>. Non sappiamo come reagirono Lenhardt Sailer, il &#8220;vecchio costruttore di chiese&#8221;, e sua moglie Agnes quando il figlio Georg disse loro che sarebbe diventato il primo oste della famiglia.<\/p>\n<p>In ogni caso, Georg raggiunse il suo obiettivo di abbeverare e sfamare i suoi concittadini assetati e affamati di Unterth\u00fcrheim, nella Svevia bavarese. Alla fine la sua scelta professionale si dimostr\u00f2 adatta a lui, e fu cos\u00ec che ebbe inizio <strong>la lunga storia di successo della locanda dei Sailer<\/strong>. Ben presto la famiglia si sarebbe espansa, acquisendo birrifici e osterie in tutta la Baviera.<\/p>\n<h3>Una famiglia e la sua storia: I Sailer e l\u2018Hofbr\u00e4uhaus<\/h3>\n<p>Nel 1896 un certo <strong>Josef Sailer colse l&#8217;opportunit\u00e0 di acquisire l&#8217;Hofbr\u00e4uhaus Traunstein<\/strong> &#8211; e fu cos\u00ec che si unirono due cose che, ancora oggi, continuiamo a gestire con orgoglio, responsabilit\u00e0 e gioia:  la storia di uno dei birrifici pi\u00f9 tradizionali e conosciuti della Baviera e la storia la nostra famiglia.<\/p>\n<p>E dal momento che l&#8217;ospitalit\u00e0 \u00e8 tale solo quando viene dal cuore, <strong>sono le donne della famiglia Sailer, ancora oggi, ad assicurarsi che la tradizionale cultura dei pub bavaresi venga rispettata.<\/strong><\/p>\n","protected":false},"excerpt":{"rendered":"<p>Salve, noi siamo i Sailer. Produciamo birra per vocazione, siamo ristoratori per passione e abitanti di Traunstein per convinzione. La storia della famiglia Sailer inizia nel 17\u00b0 secolo. Non sappiamo come reagirono Lenhardt Sailer, il &#8220;vecchio costruttore di chiese&#8221;, e sua moglie Agnes quando il figlio Georg disse loro che sarebbe diventato il primo oste [&hellip;]<\/p>\n","protected":false},"author":1,"featured_media":11853,"parent":4925,"menu_order":0,"comment_status":"closed","ping_status":"closed","template":"","meta":{"_acf_changed":false,"footnotes":""},"class_list":["post-4889","page","type-page","status-publish","has-post-thumbnail","hentry"],"acf":[],"_links":{"self":[{"href":"https:\/\/www.hb-ts.de\/it\/wp-json\/wp\/v2\/pages\/4889","targetHints":{"allow":["GET"]}}],"collection":[{"href":"https:\/\/www.hb-ts.de\/it\/wp-json\/wp\/v2\/pages"}],"about":[{"href":"https:\/\/www.hb-ts.de\/it\/wp-json\/wp\/v2\/types\/page"}],"author":[{"embeddable":true,"href":"https:\/\/www.hb-ts.de\/it\/wp-json\/wp\/v2\/users\/1"}],"replies":[{"embeddable":true,"href":"https:\/\/www.hb-ts.de\/it\/wp-json\/wp\/v2\/comments?post=4889"}],"version-history":[{"count":3,"href":"https:\/\/www.hb-ts.de\/it\/wp-json\/wp\/v2\/pages\/4889\/revisions"}],"predecessor-version":[{"id":5114,"href":"https:\/\/www.hb-ts.de\/it\/wp-json\/wp\/v2\/pages\/4889\/revisions\/5114"}],"up":[{"embeddable":true,"href":"https:\/\/www.hb-ts.de\/it\/wp-json\/wp\/v2\/pages\/4925"}],"wp:featuredmedia":[{"embeddable":true,"href":"https:\/\/www.hb-ts.de\/it\/wp-json\/wp\/v2\/media\/11853"}],"wp:attachment":[{"href":"https:\/\/www.hb-ts.de\/it\/wp-json\/wp\/v2\/media?parent=4889"}],"curies":[{"name":"wp","href":"https:\/\/api.w.org\/{rel}","templated":true}]}}