{"id":4891,"date":"2021-04-07T09:44:40","date_gmt":"2021-04-07T07:44:40","guid":{"rendered":"https:\/\/www.hb-ts.de\/unsere-brauereifamilie\/"},"modified":"2021-05-20T11:38:11","modified_gmt":"2021-05-20T09:38:11","slug":"birrificio-a-conduzione-familiare","status":"publish","type":"page","link":"https:\/\/www.hb-ts.de\/it\/chi-siamo\/birrificio-a-conduzione-familiare\/","title":{"rendered":"Birrificio a conduzione familiare"},"content":{"rendered":"<p>Insieme continuiamo a costruire la tradizione bavarese: con coraggio, orgoglio e determinazione. Insieme celebriamo la vita ad ogni sorso.<\/p>\n<p>\u00c8 cos\u00ec che ispiriamo le persone e conquistiamo i loro cuori. E non solo i nostri dipendenti, ma anche coloro che lavorano per noi ogni giorno. Quando facciamo riferimento alla conduzione familiare del nostro birrificio, diamo per scontato che anche i nostri dipendenti facciano parte della nostra famiglia.<\/p>\n<h2>Un lavoro che richiede una vocazione<\/h2>\n<p>L&#8217;Hofbr\u00e4uhaus Traunstein \u00e8 sempre stato <strong>pi\u00f9 di un semplice luogo di lavoro<\/strong>. Tutti nel nostro team hanno un legame molto speciale con noi e con la storia del birrificio.<\/p>\n<p>Perch\u00e9 la maggior parte dei nostri dipendenti \u00e8 andata a ricoprire il posto di lavoro del proprio padre o del proprio nonno. O perch\u00e9 gli stessi dipendenti, alla fine della giornata o alle feste, si godono <strong>la birra che hanno appena finito di lavorare, raffinare, conservare e imbottigliare<\/strong>. O forse semplicemente perch\u00e9 non c&#8217;\u00e8 nessun&#8217;altra istituzione, a Chiemgau e Traunstein, che sia come l&#8217;Hofbr\u00e4uhaus &#8211; <strong>conosciuta, coerente e 100% bavarese<\/strong>.<\/p>\n","protected":false},"excerpt":{"rendered":"<p>Insieme continuiamo a costruire la tradizione bavarese: con coraggio, orgoglio e determinazione. Insieme celebriamo la vita ad ogni sorso. \u00c8 cos\u00ec che ispiriamo le persone e conquistiamo i loro cuori. E non solo i nostri dipendenti, ma anche coloro che lavorano per noi ogni giorno. Quando facciamo riferimento alla conduzione familiare del nostro birrificio, diamo [&hellip;]<\/p>\n","protected":false},"author":1,"featured_media":0,"parent":4925,"menu_order":0,"comment_status":"closed","ping_status":"closed","template":"","meta":{"_acf_changed":false,"footnotes":""},"class_list":["post-4891","page","type-page","status-publish","hentry"],"acf":[],"_links":{"self":[{"href":"https:\/\/www.hb-ts.de\/it\/wp-json\/wp\/v2\/pages\/4891","targetHints":{"allow":["GET"]}}],"collection":[{"href":"https:\/\/www.hb-ts.de\/it\/wp-json\/wp\/v2\/pages"}],"about":[{"href":"https:\/\/www.hb-ts.de\/it\/wp-json\/wp\/v2\/types\/page"}],"author":[{"embeddable":true,"href":"https:\/\/www.hb-ts.de\/it\/wp-json\/wp\/v2\/users\/1"}],"replies":[{"embeddable":true,"href":"https:\/\/www.hb-ts.de\/it\/wp-json\/wp\/v2\/comments?post=4891"}],"version-history":[{"count":2,"href":"https:\/\/www.hb-ts.de\/it\/wp-json\/wp\/v2\/pages\/4891\/revisions"}],"predecessor-version":[{"id":5106,"href":"https:\/\/www.hb-ts.de\/it\/wp-json\/wp\/v2\/pages\/4891\/revisions\/5106"}],"up":[{"embeddable":true,"href":"https:\/\/www.hb-ts.de\/it\/wp-json\/wp\/v2\/pages\/4925"}],"wp:attachment":[{"href":"https:\/\/www.hb-ts.de\/it\/wp-json\/wp\/v2\/media?parent=4891"}],"curies":[{"name":"wp","href":"https:\/\/api.w.org\/{rel}","templated":true}]}}