{"id":4893,"date":"2021-04-07T09:36:19","date_gmt":"2021-04-07T07:36:19","guid":{"rendered":"https:\/\/www.hb-ts.de\/was-uns-antreibt\/"},"modified":"2021-05-20T11:37:47","modified_gmt":"2021-05-20T09:37:47","slug":"il-nostro-obiettivo","status":"publish","type":"page","link":"https:\/\/www.hb-ts.de\/it\/chi-siamo\/il-nostro-obiettivo\/","title":{"rendered":"Il nostro obiettivo"},"content":{"rendered":"<p><em><strong>Birre di prima qualit\u00e0 che vengono migliorate giorno dopo giorno, grazie ai complessi processi di lavorazione. Un team pieno di entusiasmo che, con coraggio, lavora insieme per migliorarsi \u2013 con maestria, passione e umorismo.<\/strong><\/em><\/p>\n<p><strong>Questo \u00e8 ci\u00f2 che vogliamo e che ci spinge ad andare avanti<\/strong> \u2013 fin dalla nostra fondazione, avvenuta nel 1612. Sappiamo benissimo che allora la vita era pi\u00f9 scomoda, pi\u00f9 ardua e pi\u00f9 breve di quanto non lo sia oggi. Ma siamo riusciti a conservare molti dei valori di quel tempo nel corso dei secoli e a portarli fino ai nostri giorni.<\/p>\n<h3>Il buono rimane<\/h3>\n<p>Ad esempio, l&#8217;attento utilizzo degli <strong>ingredienti naturali e di alta qualit\u00e0<\/strong>, che possiamo odorare, assaporare e sentire ogni giorno.  O la soddisfazione che proviamo quando il complesso <strong>processo di lavorazione<\/strong> viene eseguito a regola d\u2019arte. E poi l&#8217;orgoglio di produrre qualcosa di cui gli altri possono <strong>godere appieno<\/strong>, che li nutre e che li rende felici.<\/p>\n<p>Da allora molte cose sono cambiate. Le birre che produciamo, le tecnologie che utilizziamo, i processi di lavorazione: tutto \u00e8 diventato pi\u00f9 moderno, igienico ed efficiente. Ma la connessione naturale che gi\u00e0 allora c\u2019era tra <strong>il birraio, la sua arte e la birra<\/strong> \u00e8 rimasta la stessa di 400 anni fa. E possiamo confermarlo, perch\u00e9 lo vediamo con i nostri occhi tutti i giorni. Ed \u00e8 proprio per questo che la nostra birra \u00e8 rimasta unica anche con il trascorrere del tempo.<\/p>\n","protected":false},"excerpt":{"rendered":"<p>Birre di prima qualit\u00e0 che vengono migliorate giorno dopo giorno, grazie ai complessi processi di lavorazione. Un team pieno di entusiasmo che, con coraggio, lavora insieme per migliorarsi \u2013 con maestria, passione e umorismo. Questo \u00e8 ci\u00f2 che vogliamo e che ci spinge ad andare avanti \u2013 fin dalla nostra fondazione, avvenuta nel 1612. Sappiamo [&hellip;]<\/p>\n","protected":false},"author":1,"featured_media":3764,"parent":4925,"menu_order":0,"comment_status":"closed","ping_status":"closed","template":"","meta":{"_acf_changed":false,"footnotes":""},"class_list":["post-4893","page","type-page","status-publish","has-post-thumbnail","hentry"],"acf":[],"_links":{"self":[{"href":"https:\/\/www.hb-ts.de\/it\/wp-json\/wp\/v2\/pages\/4893","targetHints":{"allow":["GET"]}}],"collection":[{"href":"https:\/\/www.hb-ts.de\/it\/wp-json\/wp\/v2\/pages"}],"about":[{"href":"https:\/\/www.hb-ts.de\/it\/wp-json\/wp\/v2\/types\/page"}],"author":[{"embeddable":true,"href":"https:\/\/www.hb-ts.de\/it\/wp-json\/wp\/v2\/users\/1"}],"replies":[{"embeddable":true,"href":"https:\/\/www.hb-ts.de\/it\/wp-json\/wp\/v2\/comments?post=4893"}],"version-history":[{"count":3,"href":"https:\/\/www.hb-ts.de\/it\/wp-json\/wp\/v2\/pages\/4893\/revisions"}],"predecessor-version":[{"id":5104,"href":"https:\/\/www.hb-ts.de\/it\/wp-json\/wp\/v2\/pages\/4893\/revisions\/5104"}],"up":[{"embeddable":true,"href":"https:\/\/www.hb-ts.de\/it\/wp-json\/wp\/v2\/pages\/4925"}],"wp:featuredmedia":[{"embeddable":true,"href":"https:\/\/www.hb-ts.de\/it\/wp-json\/wp\/v2\/media\/3764"}],"wp:attachment":[{"href":"https:\/\/www.hb-ts.de\/it\/wp-json\/wp\/v2\/media?parent=4893"}],"curies":[{"name":"wp","href":"https:\/\/api.w.org\/{rel}","templated":true}]}}