{"id":4896,"date":"2021-03-24T15:48:18","date_gmt":"2021-03-24T14:48:18","guid":{"rendered":"https:\/\/www.hb-ts.de\/heimat\/"},"modified":"2021-05-20T11:45:15","modified_gmt":"2021-05-20T09:45:15","slug":"la-nostra-casa","status":"publish","type":"page","link":"https:\/\/www.hb-ts.de\/it\/la-nostra-casa\/","title":{"rendered":"La nostra casa"},"content":{"rendered":"<p>Tra il Chiemsee e le Alpi, nel cuore del Chiemgau, sulla collina di Traunstein: qui c\u2019\u00e8 un luogo che ha un posto molto speciale nei nostri cuori. Qui \u00e8 dove si trova la nostra sede, qui \u00e8 dove si trova la nostra casa. Perch\u00e9 \u00e8 proprio di una casa che una birra di alta qualit\u00e0 ha bisogno per migliorarsi giorno dopo giorno, attraverso elaborati processi di lavorazione. E poi serve un team impegnato, che non si arrenda mai e che lavori con maestria, passione e allegria.<\/p>\n<p>Sono i valori che ci accomunano che ci hanno fatto sentire come a casa e che ci uniscono.<br \/>\nForti, orgogliosi \u2013 e autentici come la vita.<br \/>\nDa generazioni, dal 1612. <\/p>\n","protected":false},"excerpt":{"rendered":"<p>Tra il Chiemsee e le Alpi, nel cuore del Chiemgau, sulla collina di Traunstein: qui c\u2019\u00e8 un luogo che ha un posto molto speciale nei nostri cuori. Qui \u00e8 dove si trova la nostra sede, qui \u00e8 dove si trova la nostra casa. Perch\u00e9 \u00e8 proprio di una casa che una birra di alta qualit\u00e0 [&hellip;]<\/p>\n","protected":false},"author":1,"featured_media":0,"parent":0,"menu_order":0,"comment_status":"closed","ping_status":"closed","template":"page-listing.php","meta":{"_acf_changed":false,"footnotes":""},"class_list":["post-4896","page","type-page","status-publish","hentry"],"acf":[],"_links":{"self":[{"href":"https:\/\/www.hb-ts.de\/it\/wp-json\/wp\/v2\/pages\/4896","targetHints":{"allow":["GET"]}}],"collection":[{"href":"https:\/\/www.hb-ts.de\/it\/wp-json\/wp\/v2\/pages"}],"about":[{"href":"https:\/\/www.hb-ts.de\/it\/wp-json\/wp\/v2\/types\/page"}],"author":[{"embeddable":true,"href":"https:\/\/www.hb-ts.de\/it\/wp-json\/wp\/v2\/users\/1"}],"replies":[{"embeddable":true,"href":"https:\/\/www.hb-ts.de\/it\/wp-json\/wp\/v2\/comments?post=4896"}],"version-history":[{"count":2,"href":"https:\/\/www.hb-ts.de\/it\/wp-json\/wp\/v2\/pages\/4896\/revisions"}],"predecessor-version":[{"id":5116,"href":"https:\/\/www.hb-ts.de\/it\/wp-json\/wp\/v2\/pages\/4896\/revisions\/5116"}],"wp:attachment":[{"href":"https:\/\/www.hb-ts.de\/it\/wp-json\/wp\/v2\/media?parent=4896"}],"curies":[{"name":"wp","href":"https:\/\/api.w.org\/{rel}","templated":true}]}}