{"id":4915,"date":"2021-03-24T15:45:33","date_gmt":"2021-03-24T14:45:33","guid":{"rendered":"https:\/\/www.hb-ts.de\/kompetenzen\/"},"modified":"2021-05-20T11:55:43","modified_gmt":"2021-05-20T09:55:43","slug":"competenze","status":"publish","type":"page","link":"https:\/\/www.hb-ts.de\/it\/competenze\/","title":{"rendered":"Competenze"},"content":{"rendered":"<p>Ristoratori, albergatori, club, organizzatori di eventi: il nostro lavoro si basa sull\u2019incontro delle persone &#8211; e non tramite un computer, ma nella vita reale. Ci guadagniamo da vivere con <strong>la convivialit\u00e0, la socialit\u00e0 e il divertimento<\/strong>. E tutti ci siamo resi conto di quanto tutto questo ci manchi terribilmente, non solo per l\u2019aspetto economico, ma anche per quello umano. Ovviamente, anche all\u2018Hofbr\u00e4uhaus Traunstein sono cambiate molte cose, negli ultimi mesi. Ma sappiamo anche che <strong>tutte le crisi hanno una fine<\/strong>, e che tantissime cose belle ci attendono in un futuro non troppo lontano, che sapremo apprezzare con ancor pi\u00f9 entusiasmo di prima. Questo \u00e8 quello che ci d\u00e0 la forza per andare avanti, e che speriamo possa dare speranza anche a voi.<\/p>\n<p>Stringiamo legami molto stretti con tutti i nostri clienti e partner commerciali, perch\u00e9 \u00e8 su questi legami che si basano <strong>le nostre radici<\/strong> e <strong>la gioia del nostro mestiere<\/strong>. Insieme continueremo a costruire le nostre tradizioni bavaresi \u2013 con coraggio, orgoglio e determinazione. E insieme celebreremo la vita ad ogni sorso.<\/p>\n<p>Produciamo ottime birre perch\u00e9 apprezziamo anche le piccole cose:<br \/>\n<strong>\u00c8 cos\u00ec che ispiriamo le persone e conquistiamo i loro cuori.<\/strong><\/p>\n","protected":false},"excerpt":{"rendered":"<p>Ristoratori, albergatori, club, organizzatori di eventi: il nostro lavoro si basa sull\u2019incontro delle persone &#8211; e non tramite un computer, ma nella vita reale. Ci guadagniamo da vivere con la convivialit\u00e0, la socialit\u00e0 e il divertimento. E tutti ci siamo resi conto di quanto tutto questo ci manchi terribilmente, non solo per l\u2019aspetto economico, ma [&hellip;]<\/p>\n","protected":false},"author":1,"featured_media":3874,"parent":0,"menu_order":0,"comment_status":"closed","ping_status":"closed","template":"page-listing.php","meta":{"_acf_changed":false,"footnotes":""},"class_list":["post-4915","page","type-page","status-publish","has-post-thumbnail","hentry"],"acf":[],"_links":{"self":[{"href":"https:\/\/www.hb-ts.de\/it\/wp-json\/wp\/v2\/pages\/4915","targetHints":{"allow":["GET"]}}],"collection":[{"href":"https:\/\/www.hb-ts.de\/it\/wp-json\/wp\/v2\/pages"}],"about":[{"href":"https:\/\/www.hb-ts.de\/it\/wp-json\/wp\/v2\/types\/page"}],"author":[{"embeddable":true,"href":"https:\/\/www.hb-ts.de\/it\/wp-json\/wp\/v2\/users\/1"}],"replies":[{"embeddable":true,"href":"https:\/\/www.hb-ts.de\/it\/wp-json\/wp\/v2\/comments?post=4915"}],"version-history":[{"count":3,"href":"https:\/\/www.hb-ts.de\/it\/wp-json\/wp\/v2\/pages\/4915\/revisions"}],"predecessor-version":[{"id":5129,"href":"https:\/\/www.hb-ts.de\/it\/wp-json\/wp\/v2\/pages\/4915\/revisions\/5129"}],"wp:featuredmedia":[{"embeddable":true,"href":"https:\/\/www.hb-ts.de\/it\/wp-json\/wp\/v2\/media\/3874"}],"wp:attachment":[{"href":"https:\/\/www.hb-ts.de\/it\/wp-json\/wp\/v2\/media?parent=4915"}],"curies":[{"name":"wp","href":"https:\/\/api.w.org\/{rel}","templated":true}]}}