{"id":4932,"date":"2021-01-26T15:09:57","date_gmt":"2021-01-26T14:09:57","guid":{"rendered":"https:\/\/www.hb-ts.de\/datenschutzerklaerung\/"},"modified":"2025-04-16T14:00:11","modified_gmt":"2025-04-16T12:00:11","slug":"politica-sulla-privacy","status":"publish","type":"page","link":"https:\/\/www.hb-ts.de\/it\/politica-sulla-privacy\/","title":{"rendered":"Politica sulla privacy"},"content":{"rendered":"<p><strong>1. Informazioni generali<\/strong><br \/>\nIl gestore di questo sito web si preoccupa particolarmente di proteggere i vostri dati personali. Di conseguenza, il gestore di questo sito web tratta i vostri dati personali in conformit\u00e0 alle disposizioni della legge tedesca ed europea sulla protezione dei dati.<br \/>\nLa presente informativa sulla protezione dei dati si applica a<br \/>\na) Questo sito web<br \/>\nb) tour del birrificio<br \/>\nc) App<\/p>\n<p><strong>2. responsabile di questo sito<\/strong><br \/>\nHofbr\u00e4uhaus Traunstein Josef Sailer GmbH &amp; Co. KG<br \/>\nHofgasse 6-11<br \/>\n83278 Traunstein<\/p>\n<p><strong>3. responsabile della protezione dei dati<\/strong><br \/>\nSig. Hubert Strobl<br \/>\nIndirizzo e-mail: h.strobl \u201cat\u201d hb-ts.de<\/p>\n<p><strong>4 Raccolta, finalit\u00e0 di utilizzo e base giuridica<\/strong><br \/>\n<strong>4.1 Raccolta<\/strong><br \/>\n<strong>4.1.1 Visualizzazione della pagina o file di log del server:<\/strong><br \/>\nOgni volta che si accede al sito web, vengono registrate le seguenti informazioni relative al rispettivo utente:<br \/>\na) Tipo di browser e versione del browser,<br \/>\nb) nome host dell&#8217;URL di riferimento del computer di accesso<br \/>\nc) sistema operativo utilizzato<br \/>\nd) indirizzo del computer (\u201cindirizzo IP\u201d) utilizzato per accedere al sito web<br \/>\ne) ora in cui \u00e8 stato effettuato l&#8217;accesso al sito web.<\/p>\n<p>Queste informazioni vengono trasmesse automaticamente dal vostro browser, a meno che il vostro browser non sia configurato in modo da sopprimere la trasmissione di queste informazioni.<\/p>\n<p><strong>4.1.2 Richieste:<\/strong><br \/>\nSe ci inviate una richiesta tramite il nostro modulo di contatto, verranno memorizzati i seguenti dati personali, ad esempio<br \/>\na) nome<br \/>\nb) indirizzo e-mail<\/p>\n<p><strong>4.1.3 Tour del birrificio:<\/strong><br \/>\nSe prenotate un tour del birrificio con noi, saranno memorizzati i seguenti dati personali, ad esempio:<br \/>\na) nome<br \/>\nb) indirizzo e-mail<br \/>\nc) numero di telefono<br \/>\nd) via<br \/>\ne) numero civico<br \/>\nf) Codice postale<br \/>\ng) Citt\u00e0<br \/>\nh) Data di nascita<\/p>\n<p><strong>Elaborazione del pagamento:<\/strong><br \/>\nAl fine di evadere l&#8217;ordine di un tour della birreria, i vostri dati personali saranno trasmessi ai servizi di pagamento o agli istituti di credito, nella misura in cui ci\u00f2 sia necessario per il pagamento.<br \/>\na) Carta di credito e PayPal o altri metodi di pagamento. Trasmissione a: PayPal (Europe) S.\u00e0 r.l. et Cie, S.C.A., 22-24 Boulevard Royal, L-2449 Lussemburgo. Si applica l&#8217;informativa sulla privacy di PayPal in vigore.<br \/>\nb) Klarna, Klarna Bank AB, P.O. Box 900162, 90492 Norimberga, Germania. Si applica l&#8217;informativa sulla privacy di Klarna in vigore.<\/p>\n<p><strong>Periodi di conservazione<\/strong><br \/>\nI dati relativi alla visita del birrificio saranno cancellati non appena non saranno pi\u00f9 necessari per lo scopo della raccolta e non saranno pi\u00f9 conservati in base ad altre leggi.<\/p>\n<p><strong>4.2 Finalit\u00e0 del trattamento:<\/strong><br \/>\nI dati personali forniti volontariamente saranno trattati per rispondere alle richieste di informazioni e, se necessario, in caso di domande successive e per pianificare e organizzare la visita al birrificio. I vostri dati saranno utilizzati esclusivamente per rispondere ed elaborare la vostra domanda e per organizzare il tour del birrificio. Le informazioni di analisi e ottimizzazione di Google Analytics e Facebook vengono elaborate sulla base di un interesse legittimo e servono a migliorare la nostra offerta online.<\/p>\n<p><strong>4.3 Base giuridica:<\/strong><br \/>\nIl trattamento dei dati avviene sulla base del legittimo interesse ai sensi dell&#8217;art. 6 comma 1 lett. f GDPR.<\/p>\n<p><strong>5. destinatario\/terzi\/trasferimento in un paese terzo:<\/strong><br \/>\nIl destinatario della vostra richiesta \u00e8 il gestore di questo sito:<br \/>\nHofbr\u00e4uhaus Traunstein Josef Sailer GmbH &amp; Co. KG<br \/>\nHofgasse 6-11<br \/>\n83278 Traunstein<\/p>\n<p>Il destinatario della vostra richiesta di informazioni su un tour della birreria \u00e8 l&#8217;azienda<\/p>\n<p>Regiondo GmbH<br \/>\nNeumarkter Str. 63<br \/>\n81673 Monaco di Baviera<br \/>\nSi applica l&#8217;attuale politica sulla privacy di Regiondo.com.<\/p>\n<p><strong>5.1 Trasmissione a paesi terzi<\/strong><br \/>\nAttraverso l&#8217;utilizzo di Google Analytics e di Facebook Pixel, Custom Audiences e Facebook Conversion, i dati vengono trasmessi agli indirizzi elencati sotto Google Analytics e \u201cFacebook Pixel, Custom Audiences e Facebook Conversion\u201d.<\/p>\n<p><strong>6. periodi di conservazione<\/strong><br \/>\nI vostri dati personali saranno cancellati se dalle circostanze in cui sono stati forniti si pu\u00f2 dedurre che la vostra richiesta o la questione in questione \u00e8 stata conclusa.<\/p>\n<p><strong>7. periodi di cancellazione<\/strong><br \/>\na) Bowser:<br \/>\nDopo la chiusura del browser, le informazioni fornite dal browser vengono cancellate.<br \/>\nb) File di log del server<br \/>\nI file di log del server vengono cancellati ciclicamente per motivi tecnici 14 giorni dopo la fine della visita.<\/p>\n<p><strong>8. Diritti dell&#8217;utente in materia di dati personali<\/strong><br \/>\na) Diritto all&#8217;informazione<br \/>\nAvete il diritto di richiedere informazioni sui vostri dati personali trattati dal gestore di questo sito web nell&#8217;ambito dell&#8217;art. 15 GDPR.<br \/>\nb) Diritto di rettifica<br \/>\nSe i dati personali da voi forniti non sono pi\u00f9 corretti, potete richiederne la rettifica ai sensi dell&#8217;art. 16 GDPR. Se i vostri dati sono incompleti, potete richiederne il completamento.<br \/>\nc) Diritto alla cancellazione<br \/>\nPotete far cancellare i dati personali da voi forniti ai sensi dell&#8217;art. 17 GDPR.<br \/>\nd) Diritto alla limitazione del trattamento<br \/>\nAi sensi dell&#8217;art. 18 GDPR, avete il diritto di richiedere la limitazione del trattamento dei dati personali da voi forniti.<br \/>\ne) Diritto di revocare la dichiarazione di consenso ai sensi della legge sulla protezione dei dati personali<br \/>\nAvete il diritto di revocare in qualsiasi momento la vostra dichiarazione di consenso ai sensi della legge sulla protezione dei dati, ai sensi dell&#8217;art. 7 comma 3 GDPR.<br \/>\nCi\u00f2 non pregiudica la liceit\u00e0 del trattamento effettuato sulla base del consenso volontario fino alla revoca.<br \/>\nf) Diritto di proporre reclamo a un&#8217;autorit\u00e0 di controllo<br \/>\nL&#8217;utente ha il diritto di rivolgersi a un&#8217;autorit\u00e0 di controllo, art. 77 GDPR, per presentare un reclamo contro il trattamento dei dati personali forniti.<br \/>\ng) Diritto di opporsi al trattamento in qualsiasi momento<br \/>\nPotete opporvi al trattamento in qualsiasi momento, art. 21 GDPR.<\/p>\n<p><strong>9. informativa sulla privacy per i cookie<\/strong><br \/>\nIl nostro sito web utilizza i cookie. Si tratta di piccoli file di testo che consentono di memorizzare sul dispositivo dell&#8217;utente informazioni specifiche relative all&#8217;utente durante l&#8217;utilizzo del sito web.<\/p>\n<p>I cookie consentono, in particolare, di determinare la frequenza d&#8217;uso e il numero di utenti delle pagine, di analizzare il comportamento di utilizzo delle pagine, ma anche di rendere la nostra offerta pi\u00f9 agevole per il cliente.<\/p>\n<p>I cookie rimangono memorizzati al termine di una sessione del browser e possono essere richiamati quando si visita nuovamente il sito. Potete impostare il vostro browser in modo da essere informati sull&#8217;impostazione dei cookie e consentire i cookie solo in singoli casi, escludere l&#8217;accettazione dei cookie per determinati casi o in generale e attivare la cancellazione automatica dei cookie alla chiusura del browser. In caso di disattivazione dei cookie, la funzionalit\u00e0 di questo sito web potrebbe essere limitata.<\/p>\n<p><strong>10. informativa sulla privacy per l&#8217;utilizzo di Google Analytics<\/strong><\/p>\n<p>Questo sito web utilizza le funzioni del servizio di analisi web Google Analytics.<\/p>\n<p>Indirizzo:<br \/>\nGoogle Inc, 1600 Amphitheatre Parkway Mountain View, CA 94043, USA.<\/p>\n<p>Google Analytics utilizza dei \u201ccookie\u201d, file di testo che vengono depositati sul vostro computer per consentire al sito web di analizzare come gli utenti utilizzano il sito. Le informazioni generate dal cookie sull&#8217;utilizzo di questo sito web da parte dell&#8217;utente vengono solitamente<br \/>\ntrasmesse a un server di Google negli Stati Uniti e l\u00ec memorizzate.<\/p>\n<p>Tuttavia, se su questo sito web \u00e8 attivata l&#8217;anonimizzazione dell&#8217;IP, il vostro indirizzo IP viene prima troncato da Google all&#8217;interno degli Stati membri dell&#8217;Unione Europea o in altri Stati firmatari dell&#8217;Accordo sullo Spazio Economico Europeo.<\/p>\n<p>Solo in casi eccezionali l&#8217;indirizzo IP completo verr\u00e0 trasmesso a un server di Google negli Stati Uniti e l\u00ec troncato. Google utilizzer\u00e0 queste informazioni per conto del gestore di questo sito web per analizzare l&#8217;utilizzo del sito web da parte degli utenti, per redigere rapporti sulle<br \/>\nattivit\u00e0 del sito web e per fornire al gestore del sito web altri servizi relativi alle attivit\u00e0 del sito web e all&#8217;utilizzo di Internet.<\/p>\n<p>L&#8217;indirizzo IP trasmesso dal vostro browser nell&#8217;ambito di Google Analytics non viene unito ad altri dati di Google. Per ulteriori informazioni sul trattamento dei dati degli utenti da parte di Google Analytics, consultare l&#8217;informativa sulla privacy di Google:<br \/>\n<a href=\"https:\/\/support.google.com\/analytics\/answer\/6004245?hl=de\" target=\"_blank\" rel=\"noopener\">https:\/\/support.google.com\/analytics\/answer\/6004245?hl=de<\/a>.<br \/>\nPotete rifiutarvi di usare i cookie selezionando l&#8217;impostazione appropriata sul vostro browser, ma tenete presente che in tal caso potreste non essere in grado di utilizzare tutte le funzionalit\u00e0 di questo sito web.<\/p>\n<p>Potete inoltre impedire a Google di raccogliere i dati generati dal cookie e relativi al vostro utilizzo del sito web (compreso il vostro indirizzo IP) e di elaborarli da parte di Google scaricando e installando il plug-in del browser disponibile al seguente link:<br \/>\n<a href=\"http:\/\/tools.google.com\/dlpage\/gaoptout?hl=de\" target=\"_blank\" rel=\"noopener\">http:\/\/tools.google.com\/dlpage\/gaoptout?hl=de<\/a>.<\/p>\n<p><strong>11. informativa sulla privacy per l&#8217;utilizzo di Facebook Pixel, Custom Audiences e Facebook Conversion<\/strong><\/p>\n<p>Con il vostro consenso, il cosiddetto \u201cpixel di Facebook\u201d del social network Facebook viene utilizzato all&#8217;interno del nostro negozio online sulla base dei nostri interessi legittimi per l&#8217;analisi e l&#8217;ottimizzazione della nostra offerta online e per questi scopi.<\/p>\n<p>Indirizzo:<br \/>\nFacebook Ireland Ltd, 4 Grand Canal Square, Grand Canal Harbour, Dublino 2, Irlanda<\/p>\n<p>Si tratta di uno strumento che ci consente di misurare e raccogliere i dati degli utenti per organizzare in modo pi\u00f9 efficiente le nostre attivit\u00e0 pubblicitarie. Da un lato, il pixel di Facebook consente a Facebook di determinare i visitatori della nostra offerta online come gruppo target per la visualizzazione di annunci pubblicitari (\u201cFacebook ads\u201d). Di conseguenza, utilizziamo il pixel di Facebook per raggiungere con i nostri annunci su Facebook solo gli utenti che hanno dimostrato interesse per la nostra offerta online o che hanno determinate caratteristiche (ad es. interessi per determinati argomenti o prodotti determinati in base ai siti web visitati) che trasmettiamo a Facebook (il cosiddetto \u201cpubblico personalizzato\u201d). Con l&#8217;aiuto del pixel di Facebook, vogliamo anche garantire che le nostre inserzioni pubblicitarie su Facebook corrispondano al potenziale interesse degli utenti. Il pixel di Facebook ci consente inoltre di monitorare l&#8217;efficacia delle inserzioni di Facebook a fini statistici e di ricerca di mercato, verificando se gli utenti sono stati reindirizzati al nostro sito web dopo aver cliccato su un&#8217;inserzione di Facebook (il cosiddetto \u201cconversion tracking\u201d).<\/p>\n<p>Non trasmettiamo alcun dato personale a Facebook. I dati personali dei singoli utenti non possono essere visualizzati da noi. I dati raccolti con questa tecnologia sono esclusivamente criptati e trasmessi all&#8217;azienda in conformit\u00e0 con l&#8217;informativa sull&#8217;utilizzo dei dati di Facebook. Di conseguenza, le informazioni generali sulla visualizzazione degli annunci pubblicitari di Facebook sono disponibili nell&#8217;informativa sull&#8217;utilizzo dei dati di Facebook: <a href=\"https:\/\/www.facebook.com\/policy.php\" target=\"_blank\" rel=\"noopener\">https:\/\/www.facebook.com\/policy.php<\/a>. Informazioni specifiche e dettagli sul pixel di Facebook e sul suo funzionamento sono disponibili nella sezione di aiuto di Facebook: <a href=\"https:\/\/www.facebook.com\/business\/help\/651294705016616\" target=\"_blank\" rel=\"noopener\">https:\/\/www.facebook.com\/business\/help\/651294705016616<\/a>.<\/p>\n<p>\u00c8 possibile opporsi alla raccolta del pixel di Facebook e all&#8217;utilizzo dei propri dati per la visualizzazione di annunci pubblicitari su Facebook. Per impostare quali tipi di pubblicit\u00e0 vi vengono mostrati all&#8217;interno di Facebook, potete andare alla pagina creata da Facebook e<br \/>\nseguire le istruzioni relative alle impostazioni per la pubblicit\u00e0 basata sull&#8217;uso: <a href=\"https:\/\/www.facebook.com\/settings?tab=ads\" target=\"_blank\" rel=\"noopener\">https:\/\/www.facebook.com\/settings?tab=ads<\/a>. Le impostazioni sono indipendenti dalla piattaforma, cio\u00e8 vengono adottate per tutti i dispositivi, come computer desktop o dispositivi mobili.<\/p>\n<p>\u00c8 inoltre possibile opporsi all&#8217;utilizzo dei cookie per la misurazione del raggio d&#8217;azione e per scopi pubblicitari tramite la pagina di disattivazione dell&#8217;iniziativa pubblicitaria della rete (<a href=\"http:\/\/optout.networkadvertising.org\/\" target=\"_blank\" rel=\"noopener\">http:\/\/optout.networkadvertising.org\/<\/a>) e anche tramite il sito web statunitense<br \/>\n(<a href=\"http:\/\/www.aboutads.info\/choices\" target=\"_blank\" rel=\"noopener\">http:\/\/www.aboutads.info\/choices<\/a>) o europeo (<a href=\"http:\/\/www.youronlinechoices.com\/uk\/your-ad-choices\/\" target=\"_blank\" rel=\"noopener\">http:\/\/www.youronlinechoices.com\/uk\/your-ad-choices\/<\/a>).<\/p>\n<p><strong>12. Use of SalesViewer\u00ae technology:<\/strong><\/p>\n<p>This website uses SalesViewer\u00ae technology from SalesViewer\u00ae GmbH on the basis of the website operator\u2019s legitimate interests (Section 6 paragraph 1 lit.f GDPR) in order to collect and save data on marketing, market research and optimisation purposes.<\/p>\n<p>In order to do this, a javascript based code, which serves to capture company-related data and according website usage. The data captured using this technology are encrypted in a non-retrievable one-way function (so-called hashing). The data is immediately pseudonymised and is not used to identify website visitors personally<\/p>\n<p>The data stored by SalesViewer\u00ae will be deleted as soon as they are no longer required for their intended purpose and there are no legal obligations to retain them.<\/p>\n<p>The data recording and storage can be repealed at any time with immediate effect for the future, by clicking on <a href=\"https:\/\/www.salesviewer.com\/opt-out\" target=\"_blank\" rel=\"noopener\">https:\/\/www.salesviewer.com\/opt-out<\/a> in order to prevent SalesViewer\u00ae from recording your data. In this case, an opt-out cookie for this website is saved on your device. If you delete the cookies in the browser, you will need to click on this link again.<\/p>\n<p><strong>13. informativa sulla privacy per l&#8217;utilizzo dell&#8217;app<\/strong><\/p>\n<p><strong>13.1 Informazioni generali<\/strong><\/p>\n<p>Hofbr\u00e4uhaus Traunstein mette a disposizione dei propri clienti l&#8217;app \u201cHofbr\u00e4uhaus Traunstein\u201d per rendere ancora pi\u00f9 semplice l&#8217;ordinazione dei prodotti. Ci preoccupiamo particolarmente di proteggere i vostri dati personali anche nell&#8217;app. Di conseguenza, trattiamo i vostri dati personali in conformit\u00e0 alle disposizioni della legge tedesca ed europea sulla protezione dei dati.<\/p>\n<p><strong>13.2 Responsabile di questa app<\/strong><br \/>\nHofbr\u00e4uhaus Traunstein Josef Sailer GmbH &amp; Co. KG<br \/>\nHofgasse 6-11<br \/>\n83278 Traunstein<\/p>\n<p><strong>13.3 Responsabile della protezione dei dati<\/strong><br \/>\nSig. Hubert Strobl<br \/>\nIndirizzo e-mail: h.strobl \u201cat\u201d hb-ts.de<\/p>\n<p><strong>13.4 Raccolta, finalit\u00e0 di utilizzo e base giuridica<\/strong><\/p>\n<p><strong>13.4.1 Raccolta<\/strong><\/p>\n<p>Al momento della registrazione nell&#8217;app, vengono raccolti i seguenti dati dell&#8217;utente<\/p>\n<p>indirizzo e-mail<br \/>\nnumero cliente<br \/>\npassword<\/p>\n<p>Queste informazioni vengono trasmesse automaticamente dall&#8217;app una volta completata la registrazione.<\/p>\n<p>Inoltre, tutti i dati anagrafici gi\u00e0 memorizzati nel sistema di gestione delle relazioni con i clienti (CRM) vengono trasferiti all&#8217;app. Questi possono includere le seguenti categorie di dati, ad esempio<\/p>\n<p>Dati di contatto<br \/>\nDati di consegna<br \/>\nDati bancari<\/p>\n<p><strong>13.4.2 Scopo dell&#8217;utilizzo:<\/strong><\/p>\n<p>I dati personali forniti volontariamente dall&#8217;utente saranno trattati per l&#8217;autenticazione, l&#8217;inserimento dell&#8217;ordine e la comunicazione. Un token viene utilizzato per inviare lo stato dell&#8217;ordine al vostro dispositivo mobile tramite notifica push. L&#8217;utente deve acconsentire attivamente a ricevere la notifica push.<\/p>\n<p>I vostri dati saranno utilizzati solo per scopi specifici. Le informazioni di analisi e ottimizzazione di Google Analytics vengono elaborate per legittimo interesse e servono a migliorare la nostra applicazione.<\/p>\n<p><strong>13.4.3 Base giuridica:<\/strong><\/p>\n<p>Il trattamento dei dati avviene sulla base del vostro consenso e del vostro legittimo interesse, ai sensi dell&#8217;art. 6 comma 1 lett. f GDPR.<\/p>\n<p><strong>13.5 Destinatari\/terzi\/trasferimento in paesi terzi:<\/strong><\/p>\n<p>Hofbr\u00e4uhaus Traunstein Josef Sailer GmbH &amp; Co. KG<br \/>\nHofgasse 6-11<br \/>\n83278 Traunstein<\/p>\n<p>Google Inc, 1600 Amphitheatre Parkway Mountain View, CA 94043, USA.<\/p>\n<p>Aptean, Inc, Corporation Service Company, 251 Little Falls Drive, Wilmington, DE 19808, USA.<\/p>\n<p><strong>13.5.1 Trasferimento a paesi terzi<\/strong><\/p>\n<p>Attraverso l&#8217;utilizzo di Google Firebase e Google Analytics, i dati vengono trasferiti in un paese terzo.<\/p>\n<p><strong>13.6 Periodi di cancellazione<\/strong><\/p>\n<p>I vostri dati personali nell&#8217;app saranno cancellati non appena avrete eliminato il vostro account nell&#8217;app.<\/p>\n<p><strong>13.7 Diritti dell&#8217;utente sui propri dati personali<\/strong><\/p>\n<p>a) Diritto all&#8217;informazione<br \/>\nAvete il diritto di richiedere informazioni sui vostri dati personali trattati dal gestore dell&#8217;app ai sensi dell&#8217;art. 15 GDPR.<br \/>\nb) Diritto di rettifica<br \/>\nSe i dati personali da voi forniti non sono pi\u00f9 esatti, potete richiederne la rettifica ai sensi dell&#8217;art. 16 GDPR. Se i vostri dati sono incompleti, potete richiederne il completamento.<br \/>\nc) Diritto alla cancellazione<br \/>\nPotete far cancellare i dati personali da voi forniti ai sensi dell&#8217;art. 17 GDPR.<br \/>\nd) Diritto alla limitazione del trattamento<br \/>\nAi sensi dell&#8217;art. 18 GDPR, avete il diritto di richiedere la limitazione del trattamento dei dati personali da voi forniti.<br \/>\ne) Diritto di revocare la dichiarazione di consenso ai sensi della legge sulla protezione dei dati personali<br \/>\nAvete il diritto di revocare in qualsiasi momento la vostra dichiarazione di consenso ai sensi della legge sulla protezione dei dati, ai sensi dell&#8217;art. 7 comma 3 GDPR.<br \/>\nCi\u00f2 non pregiudica la liceit\u00e0 del trattamento effettuato sulla base del consenso volontario fino alla revoca.<br \/>\nf) Diritto di proporre reclamo a un&#8217;autorit\u00e0 di controllo<br \/>\nL&#8217;utente ha il diritto di rivolgersi a un&#8217;autorit\u00e0 di controllo, art. 77 GDPR, per presentare un reclamo contro il trattamento dei dati personali forniti.<br \/>\ng) Diritto di opporsi al trattamento in qualsiasi momento<br \/>\nPotete opporvi al trattamento in qualsiasi momento, art. 21 GDPR.<\/p>\n","protected":false},"excerpt":{"rendered":"<p>1. Informazioni generali Il gestore di questo sito web si preoccupa particolarmente di proteggere i vostri dati personali. Di conseguenza, il gestore di questo sito web tratta i vostri dati personali in conformit\u00e0 alle disposizioni della legge tedesca ed europea sulla protezione dei dati. La presente informativa sulla protezione dei dati si applica a a) [&hellip;]<\/p>\n","protected":false},"author":1,"featured_media":0,"parent":0,"menu_order":1010,"comment_status":"closed","ping_status":"open","template":"","meta":{"_acf_changed":false,"footnotes":""},"class_list":["post-4932","page","type-page","status-publish","hentry"],"acf":[],"_links":{"self":[{"href":"https:\/\/www.hb-ts.de\/it\/wp-json\/wp\/v2\/pages\/4932","targetHints":{"allow":["GET"]}}],"collection":[{"href":"https:\/\/www.hb-ts.de\/it\/wp-json\/wp\/v2\/pages"}],"about":[{"href":"https:\/\/www.hb-ts.de\/it\/wp-json\/wp\/v2\/types\/page"}],"author":[{"embeddable":true,"href":"https:\/\/www.hb-ts.de\/it\/wp-json\/wp\/v2\/users\/1"}],"replies":[{"embeddable":true,"href":"https:\/\/www.hb-ts.de\/it\/wp-json\/wp\/v2\/comments?post=4932"}],"version-history":[{"count":14,"href":"https:\/\/www.hb-ts.de\/it\/wp-json\/wp\/v2\/pages\/4932\/revisions"}],"predecessor-version":[{"id":14137,"href":"https:\/\/www.hb-ts.de\/it\/wp-json\/wp\/v2\/pages\/4932\/revisions\/14137"}],"wp:attachment":[{"href":"https:\/\/www.hb-ts.de\/it\/wp-json\/wp\/v2\/media?parent=4932"}],"curies":[{"name":"wp","href":"https:\/\/api.w.org\/{rel}","templated":true}]}}